{"id":5633,"date":"2019-07-03T10:21:11","date_gmt":"2019-07-03T07:21:11","guid":{"rendered":"https:\/\/digitalagesummit.com\/sponsorluk\/"},"modified":"2025-01-09T15:09:15","modified_gmt":"2025-01-09T12:09:15","slug":"sponsorluk","status":"publish","type":"page","link":"https:\/\/digitalagesummit.com\/en\/sponsorluk\/","title":{"rendered":"SPONSORLUK"},"content":{"rendered":"[vc_row][vc_column offset=&#8221;vc_col-lg-12&#8243;][vc_custom_heading text=&#8221;NEDEN SPONSOR OLMALISINIZ?&#8221; font_container=&#8221;tag:h2|text_align:center|color:%23000000&#8243; use_theme_fonts=&#8221;yes&#8221;][vc_column_text]\n<p style=\"text-align: center;\"><strong>Digital Age Tech Summit\u2019te <\/strong>2007 y\u0131l\u0131ndan bu yana konu ve konuklarla dijital devrimin yaratt\u0131\u011f\u0131 yeni platformlar\u0131n nabz\u0131n\u0131 tutarak dijital d\u00fcnyan\u0131n en yarat\u0131c\u0131 isimlerinin fikirlerine ev sahipli\u011fi yap\u0131yor ve dijital d\u00fcnyada yeni trendleri ve yakla\u015f\u0131mlar\u0131 sekt\u00f6r\u00fcn g\u00fcndemine ta\u015f\u0131yoruz.<\/p>\n<p style=\"text-align: center;\">Yaln\u0131zca g\u00fcndem yaratmakla kalmay\u0131p markalar\u0131n t\u00fcketicisiyle en etkili \u015fekilde bulu\u015fmas\u0131n\u0131 sa\u011fl\u0131yor, birlikte \u00e7al\u0131\u015ft\u0131\u011f\u0131m\u0131z her markan\u0131n hedeflenen kitle ile etkile\u015fime ge\u00e7mesi i\u00e7in en uygun ortama sahip olmas\u0131n\u0131 sa\u011fl\u0131yoruz.<\/p>\n[\/vc_column_text][\/vc_column][\/vc_row][vc_row el_id=&#8221;sponsorsartlari-row&#8221; css=&#8221;.vc_custom_1562138796299{margin-top: 50px !important;}&#8221;][vc_column][vc_row_inner][vc_column_inner el_class=&#8221;sponsorluk-border&#8221; width=&#8221;1\/3&#8243;][vc_single_image image=&#8221;5536&#8243; img_size=&#8221;full&#8221; alignment=&#8221;center&#8221;][vc_custom_heading text=&#8221;Branding&#8221; font_container=&#8221;tag:h4|text_align:left&#8221; use_theme_fonts=&#8221;yes&#8221;][vc_column_text]Digital Age Tech Summit, markan\u0131z\u0131n teknolojinin ve dijital d\u00fcnyan\u0131n \u00f6nemli bir bile\u015feni olarak konumlanmas\u0131n\u0131 sa\u011flayacak f\u0131rsatlar sunuyor. Bu k\u00fclt\u00fcr\u00fcn ger\u00e7ek zamanl\u0131 bir par\u00e7as\u0131 olarak markan\u0131z\u0131n g\u00fcncelli\u011fini peki\u015ftirebilir; sekt\u00f6rde ve b\u00f6lgede y\u00fckselebilirsiniz.[\/vc_column_text][\/vc_column_inner][vc_column_inner el_class=&#8221;sponsorluk-border&#8221; width=&#8221;1\/3&#8243;][vc_single_image image=&#8221;3257&#8243; img_size=&#8221;full&#8221;][vc_custom_heading text=&#8221;3.000+ Kat\u0131l\u0131mc\u0131&#8221; font_container=&#8221;tag:h4|text_align:left&#8221; use_theme_fonts=&#8221;yes&#8221;][vc_column_text]Her y\u0131l EMEA b\u00f6lgesinden ve d\u00fcnyan\u0131n d\u00f6rt bir yan\u0131ndan gelen 3.000&#8217;den fazla kat\u0131l\u0131mc\u0131 ile bir araya gelin ve dijital alandaki profesyoneller ile etkile\u015fim kurma f\u0131rsat\u0131n\u0131 elde edin. Markan\u0131z\u0131n teknoloji ve dijitaldeki \u00f6nerilerini, sekt\u00f6r\u00fcn \u00f6nde gelenleriyle payla\u015f\u0131n.[\/vc_column_text][\/vc_column_inner][vc_column_inner el_class=&#8221;sponsorluk-border&#8221; width=&#8221;1\/3&#8243; css=&#8221;.vc_custom_1592984747270{padding-bottom: 22px !important;}&#8221;][vc_single_image image=&#8221;3259&#8243; img_size=&#8221;full&#8221;][vc_custom_heading text=&#8221;Medya Etkisi&#8221; font_container=&#8221;tag:h4|text_align:left&#8221; use_theme_fonts=&#8221;yes&#8221;][vc_column_text]T\u00fcrkiye\u2019nin ve d\u00fcnyan\u0131n inovatif zihinlerini bir araya getiren Digital Age Tech Summit\u2019te yer alarak markan\u0131z\u0131 teknolojinin ve dijital d\u00fcnyan\u0131n \u00f6nemli bir payda\u015f\u0131 olarak konumland\u0131r\u0131n ve markan\u0131z\u0131 end\u00fcstride ve b\u00f6lgede y\u00fckseltin.[\/vc_column_text][\/vc_column_inner][\/vc_row_inner][vc_row_inner css=&#8221;.vc_custom_1592984661013{margin-top: 50px !important;}&#8221;][vc_column_inner el_class=&#8221;sponsorluk-border&#8221; width=&#8221;1\/3&#8243; css=&#8221;.vc_custom_1592984709821{padding-bottom: 22.5px !important;}&#8221;][vc_single_image image=&#8221;5539&#8243; img_size=&#8221;full&#8221;][vc_custom_heading text=&#8221;Do\u011fru Y\u00f6nlendirme ve Uzmanl\u0131k&#8221; font_container=&#8221;tag:h4|text_align:left&#8221; use_theme_fonts=&#8221;yes&#8221;][vc_column_text]Digital Age Tech Summit uzman ekibinin markan\u0131za en uygun \u00f6nerileri sunmas\u0131na imkan tan\u0131y\u0131n. Dijital d\u00fcnyan\u0131n ihtiya\u00e7lar\u0131na cevap verecek \u00e7ok y\u00f6nl\u00fc \u00e7\u00f6z\u00fcmleri elde edin ve yeni f\u0131rsatlar\u0131 yakalay\u0131n.[\/vc_column_text][\/vc_column_inner][vc_column_inner el_class=&#8221;sponsorluk-border&#8221; width=&#8221;1\/3&#8243;][vc_single_image image=&#8221;5508&#8243; img_size=&#8221;full&#8221;][vc_custom_heading text=&#8221;Networking ve VIP Paketleri&#8221; font_container=&#8221;tag:h4|text_align:left&#8221; use_theme_fonts=&#8221;yes&#8221;][vc_column_text]Hedef kitlenizle interaktif \u015fekilde ileti\u015fim kurman\u0131za ve i\u015f modelinizi geli\u015ftirmenize destek olacak partnerler ile tan\u0131\u015f\u0131n. Marka temsilcilerinize \u00f6zel ve i\u015f alan\u0131n\u0131za \u00f6zg\u00fc seminerler verebilecek sekt\u00f6r liderleriyle bir araya gelin.<\/p>\n[\/vc_column_text][\/vc_column_inner][vc_column_inner el_class=&#8221;sponsorluk-border&#8221; width=&#8221;1\/3&#8243;][vc_single_image image=&#8221;5526&#8243; img_size=&#8221;full&#8221;][vc_custom_heading text=&#8221;Deneyim&#8221; font_container=&#8221;tag:h4|text_align:left&#8221; use_theme_fonts=&#8221;yes&#8221;][vc_column_text]Potansiyel hedef kitlenizle anlaml\u0131 ba\u011flar kurun ve binlerce insan\u0131n markan\u0131zla deneyim ya\u015fama f\u0131rsat\u0131 edinmesini sa\u011flay\u0131n. Markan\u0131z\u0131n ve \u00fcr\u00fcnlerinizin hedef kitleye do\u011frudan ve en iyi \u015fekilde ula\u015fmas\u0131n\u0131 ve ya\u015famlar\u0131n\u0131n bir par\u00e7as\u0131 olmas\u0131n\u0131 sa\u011flay\u0131n.[\/vc_column_text][\/vc_column_inner][\/vc_row_inner][\/vc_column][\/vc_row][vc_row css=&#8221;.vc_custom_1562139244300{margin-top: 50px !important;}&#8221;][vc_column offset=&#8221;vc_col-lg-12&#8243;][vc_row_inner css=&#8221;.vc_custom_1562139289693{padding-top: 30px !important;padding-bottom: 50px !important;background-color: #ebebeb !important;}&#8221;][vc_column_inner][vc_column_text]\n<p style=\"text-align: center;\">\t<a class=\"paoc-popup-click paoc-popup-cust-2608 paoc-popup-button paoc-popup-btn \" href=\"javascript:void(0);\">Tan\u0131t\u0131m Kitini \u0130ndir<\/a>\r\n\n[\/vc_column_text][\/vc_column_inner][\/vc_row_inner][\/vc_column][\/vc_row][vc_row css=&#8221;.vc_custom_1562139306936{margin-top: 50px !important;}&#8221;][vc_column][vc_row_inner][vc_column_inner][vc_column_text]\n<p style=\"text-align: center;\">Konuyla ilgili reklam departman\u0131m\u0131z ile ileti\u015fime ge\u00e7ebilirsiniz.<br \/>\n<a href=\"mailto:reklam@kapital.com.tr\">reklam@kapital.com.tr<\/a><\/p>\n[\/vc_column_text][\/vc_column_inner][\/vc_row_inner][\/vc_column][\/vc_row]\n","protected":false},"excerpt":{"rendered":"<p>[vc_row][vc_column offset=&#8221;vc_col-lg-12&#8243;][vc_custom_heading text=&#8221;NEDEN SPONSOR OLMALISINIZ?&#8221; font_container=&#8221;tag:h2|text_align:center|color:%23000000&#8243; use_theme_fonts=&#8221;yes&#8221;][vc_column_text] Digital Age Tech Summit\u2019te 2007 y\u0131l\u0131ndan bu yana konu ve konuklarla dijital devrimin yaratt\u0131\u011f\u0131 yeni platformlar\u0131n nabz\u0131n\u0131 tutarak dijital d\u00fcnyan\u0131n en yarat\u0131c\u0131 isimlerinin fikirlerine ev sahipli\u011fi yap\u0131yor ve dijital d\u00fcnyada yeni trendleri ve yakla\u015f\u0131mlar\u0131 sekt\u00f6r\u00fcn g\u00fcndemine ta\u015f\u0131yoruz. Yaln\u0131zca g\u00fcndem yaratmakla kalmay\u0131p markalar\u0131n t\u00fcketicisiyle en etkili \u015fekilde bulu\u015fmas\u0131n\u0131 sa\u011fl\u0131yor, [&hellip;]<\/p>\n","protected":false},"author":1,"featured_media":0,"parent":0,"menu_order":0,"comment_status":"closed","ping_status":"closed","template":"page-nosidebar.php","meta":{"_monsterinsights_skip_tracking":false,"_monsterinsights_sitenote_active":false,"_monsterinsights_sitenote_note":"","_monsterinsights_sitenote_category":0,"footnotes":""},"class_list":["post-5633","page","type-page","status-publish","hentry"],"_links":{"self":[{"href":"https:\/\/digitalagesummit.com\/en\/wp-json\/wp\/v2\/pages\/5633","targetHints":{"allow":["GET"]}}],"collection":[{"href":"https:\/\/digitalagesummit.com\/en\/wp-json\/wp\/v2\/pages"}],"about":[{"href":"https:\/\/digitalagesummit.com\/en\/wp-json\/wp\/v2\/types\/page"}],"author":[{"embeddable":true,"href":"https:\/\/digitalagesummit.com\/en\/wp-json\/wp\/v2\/users\/1"}],"replies":[{"embeddable":true,"href":"https:\/\/digitalagesummit.com\/en\/wp-json\/wp\/v2\/comments?post=5633"}],"version-history":[{"count":1,"href":"https:\/\/digitalagesummit.com\/en\/wp-json\/wp\/v2\/pages\/5633\/revisions"}],"predecessor-version":[{"id":5634,"href":"https:\/\/digitalagesummit.com\/en\/wp-json\/wp\/v2\/pages\/5633\/revisions\/5634"}],"wp:attachment":[{"href":"https:\/\/digitalagesummit.com\/en\/wp-json\/wp\/v2\/media?parent=5633"}],"curies":[{"name":"wp","href":"https:\/\/api.w.org\/{rel}","templated":true}]}}