{"id":5819,"date":"2025-02-07T13:47:46","date_gmt":"2025-02-07T10:47:46","guid":{"rendered":"https:\/\/digitalagesummit.com\/start-up-badge\/"},"modified":"2025-02-07T13:58:39","modified_gmt":"2025-02-07T10:58:39","slug":"start-up-badge","status":"publish","type":"page","link":"https:\/\/digitalagesummit.com\/en\/start-up-badge\/","title":{"rendered":"Start-up Badge"},"content":{"rendered":"[vc_row css=&#8221;.vc_custom_1709539976167{margin-top: 5rem !important;}&#8221;][vc_column][\/vc_column][\/vc_row][vc_row][vc_column][vc_column_text]\n<h2><img decoding=\"async\" class=\"wp-image-5787 size-full aligncenter\" src=\"https:\/\/digitalagesummit.com\/wp-content\/uploads\/2025\/01\/DATS25_START_UP_BADGE_BANNER_2-1156x250-v2.gif\" alt=\"\" width=\"1156\" height=\"250\" \/><\/h2>\n<h2>&#8220;Digital Age Tech Summit\u2019ten start-up\u2019lara \u00f6zel %50 indirim f\u0131rsat\u0131: <strong>Start-up Badge!<\/strong><\/h2>\n<p>17 y\u0131ld\u0131r dijitalin ve teknolojinin liderlerini bir araya getiren Digital Age Tech Summit\u2019te teknolojinin gelece\u011fini hep beraber \u015fekillendiriyoruz.<\/p>\n<p>Digital Age Tech Summit olarak start-up&#8217;lar\u0131n inovasyonu ileriye ta\u015f\u0131mada oynad\u0131klar\u0131 kritik rol\u00fcn fark\u0131nday\u0131z ve geli\u015fmekte olan i\u015fletmeler i\u00e7in \u00f6zel kat\u0131l\u0131m se\u00e7enekleri sunmaktan mutluluk duyuyoruz.<\/p>\n<p><u>Son 5 y\u0131l i\u00e7inde kurulmu\u015f, ba\u011f\u0131ms\u0131z, erken d\u00f6nem fon sa\u011flayan start-up\u2019lar, <strong>Start-up Badge<\/strong>\u2019e ba\u015fvurabilir ve dijitalin zirvesinde \u00f6zel f\u0131rsatlarla yer alabilir. <\/u><\/p>\n<p>Son g\u00fcn 1 Nisan!<\/p>\n<p>S\u0131n\u0131rl\u0131 say\u0131da kat\u0131l\u0131mc\u0131n\u0131n yararlanaca\u011f\u0131 bu \u00f6zel kampanya i\u00e7in hemen ba\u015fvurun, dijitalin zirvesinde yerinizi al\u0131n.<\/p>\n<p>&nbsp;<\/p>\n<p><em>Start-up Badge; sekt\u00f6r\u00fcn en etkili bulu\u015fmas\u0131nda de\u011ferli ba\u011flant\u0131lar kurman\u0131za yard\u0131mc\u0131 olacak.<\/em><\/p>\n<p><em>Makine \u00f6\u011frenmesi, yapay zek\u00e2 \u00e7\u00f6z\u00fcmleri, data y\u00f6netimi gibi yeni teknolojileri \u00fcr\u00fcn ve hizmetlerine entegre eden, son 5 y\u0131l i\u00e7inde kurulmu\u015f, ba\u011f\u0131ms\u0131z, erken d\u00f6nem fon sa\u011flayan t\u00fcm start-up\u2019lar, sekt\u00f6r g\u00f6zetmeksizin <strong>Start-up Badge<\/strong>\u2019e ba\u015fvurabilir.<\/em><\/p>\n<p><em>Ba\u015fvurusu kabul edilen her start-up\u2019tan en fazla 3 temsilcinin kat\u0131labilece\u011fi, s\u0131n\u0131rl\u0131 kontenjana sahip bu \u00f6zel kat\u0131l\u0131m f\u0131rsat\u0131 i\u00e7in son g\u00fcn <strong>1 Nisan!<\/strong><\/em>[\/vc_column_text][\/vc_column][\/vc_row][vc_row][vc_column]<style id=\"wpforms-css-vars-5142\">\n\t\t\t\t#wpforms-5142 {\n\t\t\t\t\n\t\t\t}\n\t\t\t<\/style><div class=\"wpforms-container wpforms-container-full wpforms-render-modern\" id=\"wpforms-5142\"><form id=\"wpforms-form-5142\" class=\"wpforms-validate wpforms-form wpforms-ajax-form\" data-formid=\"5142\" method=\"post\" enctype=\"multipart\/form-data\" action=\"\/en\/wp-json\/wp\/v2\/pages\/5819\" data-token=\"e76b98416358c38284a89bf876fc5025\" data-token-time=\"1778316900\"><div class=\"wpforms-head-container\"><\/div><noscript class=\"wpforms-error-noscript\">Please enable JavaScript in your browser to complete this form.<\/noscript><div id=\"wpforms-error-noscript\" style=\"display: none;\">Please enable JavaScript in your browser to complete this form.<\/div><div class=\"wpforms-field-container\"><div id=\"wpforms-5142-field_10-container\" class=\"wpforms-field wpforms-field-text wpforms-one-half wpforms-first\" data-field-id=\"10\"><label class=\"wpforms-field-label\" for=\"wpforms-5142-field_10\">Ad\u0131n\u0131z <span class=\"wpforms-required-label\" aria-hidden=\"true\">*<\/span><\/label><input type=\"text\" id=\"wpforms-5142-field_10\" class=\"wpforms-field-large wpforms-field-required\" name=\"wpforms[fields][10]\" aria-errormessage=\"wpforms-5142-field_10-error\" required><\/div><div id=\"wpforms-5142-field_11-container\" class=\"wpforms-field wpforms-field-text wpforms-one-half\" data-field-id=\"11\"><label class=\"wpforms-field-label\" for=\"wpforms-5142-field_11\">Soyad\u0131n\u0131z <span class=\"wpforms-required-label\" aria-hidden=\"true\">*<\/span><\/label><input type=\"text\" id=\"wpforms-5142-field_11\" class=\"wpforms-field-large wpforms-field-required\" name=\"wpforms[fields][11]\" aria-errormessage=\"wpforms-5142-field_11-error\" required><\/div><div id=\"wpforms-5142-field_12-container\" class=\"wpforms-field wpforms-field-email wpforms-one-half wpforms-first\" data-field-id=\"12\"><label class=\"wpforms-field-label\" for=\"wpforms-5142-field_12\">E-posta <span class=\"wpforms-required-label\" aria-hidden=\"true\">*<\/span><\/label><input type=\"email\" id=\"wpforms-5142-field_12\" class=\"wpforms-field-large wpforms-field-required\" name=\"wpforms[fields][12]\" spellcheck=\"false\" aria-errormessage=\"wpforms-5142-field_12-error\" required><\/div><div id=\"wpforms-5142-field_19-container\" class=\"wpforms-field wpforms-field-text wpforms-one-half\" data-field-id=\"19\"><label class=\"wpforms-field-label\" for=\"wpforms-5142-field_19\">\u015eirket <span class=\"wpforms-required-label\" aria-hidden=\"true\">*<\/span><\/label><input type=\"text\" id=\"wpforms-5142-field_19\" class=\"wpforms-field-large wpforms-field-required\" name=\"wpforms[fields][19]\" aria-errormessage=\"wpforms-5142-field_19-error\" required><\/div><div id=\"wpforms-5142-field_20-container\" class=\"wpforms-field wpforms-field-text wpforms-one-half wpforms-first\" data-field-id=\"20\"><label class=\"wpforms-field-label\" for=\"wpforms-5142-field_20\">Unvan <span class=\"wpforms-required-label\" aria-hidden=\"true\">*<\/span><\/label><input type=\"text\" id=\"wpforms-5142-field_20\" class=\"wpforms-field-large wpforms-field-required\" name=\"wpforms[fields][20]\" aria-errormessage=\"wpforms-5142-field_20-error\" required><\/div><div id=\"wpforms-5142-field_21-container\" class=\"wpforms-field wpforms-field-number wpforms-one-half\" data-field-id=\"21\"><label class=\"wpforms-field-label\" for=\"wpforms-5142-field_21\">Tecr\u00fcbe <span class=\"wpforms-required-label\" aria-hidden=\"true\">*<\/span><\/label><input type=\"number\" id=\"wpforms-5142-field_21\" class=\"wpforms-field-large wpforms-field-required\" name=\"wpforms[fields][21]\" step=\"any\" aria-errormessage=\"wpforms-5142-field_21-error\" aria-describedby=\"wpforms-5142-field_21-description\" required><div id=\"wpforms-5142-field_21-description\" class=\"wpforms-field-description\">Y\u0131l olarak sekt\u00f6rdeki tecr\u00fcbeniz.<\/div><\/div><\/div><!-- .wpforms-field-container --><div class=\"wpforms-submit-container\" ><input type=\"hidden\" name=\"wpforms[id]\" value=\"5142\"><input type=\"hidden\" name=\"page_title\" value=\"\"><input type=\"hidden\" name=\"page_url\" value=\"https:\/\/digitalagesummit.com\/en\/wp-json\/wp\/v2\/pages\/5819\"><input type=\"hidden\" name=\"url_referer\" value=\"\"><button type=\"submit\" name=\"wpforms[submit]\" id=\"wpforms-submit-5142\" class=\"wpforms-submit\" data-alt-text=\"Ba\u015fvurunuz al\u0131n\u0131yor...\" data-submit-text=\"Ba\u015fvur\" aria-live=\"assertive\" value=\"wpforms-submit\">Ba\u015fvur<\/button><img decoding=\"async\" src=\"https:\/\/digitalagesummit.com\/wp-content\/plugins\/wpforms-lite\/assets\/images\/submit-spin.svg\" class=\"wpforms-submit-spinner\" style=\"display: none;\" width=\"26\" height=\"26\" alt=\"Loading\"><\/div><\/form><\/div>  <!-- .wpforms-container -->[\/vc_column][\/vc_row]\n","protected":false},"excerpt":{"rendered":"<p>[vc_row css=&#8221;.vc_custom_1709539976167{margin-top: 5rem !important;}&#8221;][vc_column][\/vc_column][\/vc_row][vc_row][vc_column][vc_column_text] &#8220;Digital Age Tech Summit\u2019ten start-up\u2019lara \u00f6zel %50 indirim f\u0131rsat\u0131: Start-up Badge! 17 y\u0131ld\u0131r dijitalin ve teknolojinin liderlerini bir araya getiren Digital Age Tech Summit\u2019te teknolojinin gelece\u011fini hep beraber \u015fekillendiriyoruz. Digital Age Tech Summit olarak start-up&#8217;lar\u0131n inovasyonu ileriye ta\u015f\u0131mada oynad\u0131klar\u0131 kritik rol\u00fcn fark\u0131nday\u0131z ve geli\u015fmekte olan i\u015fletmeler i\u00e7in \u00f6zel kat\u0131l\u0131m se\u00e7enekleri sunmaktan [&hellip;]<\/p>\n","protected":false},"author":17,"featured_media":0,"parent":0,"menu_order":0,"comment_status":"closed","ping_status":"closed","template":"page-nosidebar.php","meta":{"_monsterinsights_skip_tracking":false,"_monsterinsights_sitenote_active":false,"_monsterinsights_sitenote_note":"","_monsterinsights_sitenote_category":0,"footnotes":""},"class_list":["post-5819","page","type-page","status-publish","hentry"],"_links":{"self":[{"href":"https:\/\/digitalagesummit.com\/en\/wp-json\/wp\/v2\/pages\/5819","targetHints":{"allow":["GET"]}}],"collection":[{"href":"https:\/\/digitalagesummit.com\/en\/wp-json\/wp\/v2\/pages"}],"about":[{"href":"https:\/\/digitalagesummit.com\/en\/wp-json\/wp\/v2\/types\/page"}],"author":[{"embeddable":true,"href":"https:\/\/digitalagesummit.com\/en\/wp-json\/wp\/v2\/users\/17"}],"replies":[{"embeddable":true,"href":"https:\/\/digitalagesummit.com\/en\/wp-json\/wp\/v2\/comments?post=5819"}],"version-history":[{"count":3,"href":"https:\/\/digitalagesummit.com\/en\/wp-json\/wp\/v2\/pages\/5819\/revisions"}],"predecessor-version":[{"id":5822,"href":"https:\/\/digitalagesummit.com\/en\/wp-json\/wp\/v2\/pages\/5819\/revisions\/5822"}],"wp:attachment":[{"href":"https:\/\/digitalagesummit.com\/en\/wp-json\/wp\/v2\/media?parent=5819"}],"curies":[{"name":"wp","href":"https:\/\/api.w.org\/{rel}","templated":true}]}}